{"id":8335,"date":"2022-03-04T12:20:55","date_gmt":"2022-03-04T11:20:55","guid":{"rendered":"https:\/\/www.revue-fiduciaire.com\/blog\/?page_id=8335"},"modified":"2022-03-08T10:19:54","modified_gmt":"2022-03-08T09:19:54","slug":"rf-sourcing-academie","status":"publish","type":"page","link":"https:\/\/www.revue-fiduciaire.com\/blog\/rf-sourcing-academie\/","title":{"rendered":"RF Sourcing &amp; Acad\u00e9mie"},"content":{"rendered":"<h2 class=\"p2\" style=\"text-align: center\"><span class=\"s1\"><b><span class=\"Apple-converted-space\">\u2014 RF\u00a0 <\/span><\/b><\/span><b>SOURCING \u2014<\/b><\/h2>\n<h4 class=\"p3\" style=\"text-align: center\"><i>LA SOLUTION GRATUITE DE RECRUTEMENT POUR LES ENTREPRISES ET LES CABINETS D&rsquo;EXPERTISE COMPTABLE<\/i><\/h4>\n<p>&nbsp;<\/p>\n<h2><img fetchpriority=\"high\" decoding=\"async\" class=\"alignnone size-full wp-image-8328 aligncenter\" src=\"https:\/\/www.revue-fiduciaire.com\/blog\/wp-content\/uploads\/Comptableetpaye-1.jpg\" alt=\"\" width=\"800\" height=\"320\" srcset=\"https:\/\/www.revue-fiduciaire.com\/blog\/wp-content\/uploads\/Comptableetpaye-1.jpg 800w, https:\/\/www.revue-fiduciaire.com\/blog\/wp-content\/uploads\/Comptableetpaye-1-300x120.jpg 300w, https:\/\/www.revue-fiduciaire.com\/blog\/wp-content\/uploads\/Comptableetpaye-1-768x307.jpg 768w\" sizes=\"(max-width: 800px) 100vw, 800px\" \/><\/h2>\n<h4 class=\"p3\" style=\"text-align: center\"><\/h4>\n<p>&nbsp;<\/p>\n<h5 style=\"text-align: left\"><strong><span style=\"color: #7fbc4c\">La Revue Fiduciaire vous accompagne dans le recrutement et la formation de votre Comptable ou de votre Gestionnaire de paye.<\/span><\/strong><\/h5>\n<p>Alert\u00e9 par les difficult\u00e9s de ses clients \u00e0 recruter de nouveaux collaborateurs la Revue Fiduciaire a souhait\u00e9\u2000d\u00e9velopper une solution de formation visant l\u2019acquisition d\u2019un titre reconnu RNCP\/France COMPETENCES.<br \/>\nIntervenant sur des domaines d\u2019expertises communs comme la paye la comptabilit\u00e9, la fiscalit\u00e9, les ressources humaines ou encore\u00a0la gestion de patrimoine mais \u00e0 des niveaux diff\u00e9rents, SOFTEC (formation initiale) et la Revue Fiduciaire (formation continue) se sont associ\u00e9s pour cr\u00e9er une offre de formation plus pr\u00e8s des r\u00e9alit\u00e9s des m\u00e9tiers et aux\u00a0besoins des employeurs.<br \/>\nDe la transmission des comp\u00e9tences initiales \u00e0 la ma\u00eetrise des derni\u00e8res r\u00e8glementations et pratiques m\u00e9tiers, cette offre garantit\u00a0l\u2019employabilit\u00e9 des apprenants et la satisfaction des employeurs.<\/p>\n<p>&nbsp;<\/p>\n<p style=\"text-align: center\"><a href=\"mailto:recrutement@grouperf.com\"><img decoding=\"async\" class=\"alignnone wp-image-8344 size-medium\" src=\"https:\/\/www.revue-fiduciaire.com\/blog\/wp-content\/uploads\/RECTURER-300x109.png\" alt=\"JE SOUHAITE RECRUTER\" width=\"300\" height=\"109\" srcset=\"https:\/\/www.revue-fiduciaire.com\/blog\/wp-content\/uploads\/RECTURER-300x109.png 300w, https:\/\/www.revue-fiduciaire.com\/blog\/wp-content\/uploads\/RECTURER.png 400w\" sizes=\"(max-width: 300px) 100vw, 300px\" \/><\/a> <a href=\"mailto:recrutement@grouperf.com\">\u00a0<\/a><\/p>\n<hr \/>\n<h3><\/h3>\n<h3 class=\"p1\" style=\"text-align: center\"><strong><span style=\"color: #006e49\">LE CONSTAT : DES DIFFICULT\u00c9S DE RECRUTEMENT CROISSANTES<\/span><\/strong><\/h3>\n<p>&nbsp;<\/p>\n<h5 class=\"p3\"><span style=\"color: #7fbc4c\"><b>P\u00e9nurie de candidats confirm\u00e9e pour les postes en paie et en comptabilit\u00e9 <\/b><\/span><\/h5>\n<p class=\"p3\">profil recherch\u00e9 : ma\u00eetrise de logiciels avec une exp\u00e9rience professionnelle demand\u00e9e de 1 \u00e0 3 ans.<\/p>\n<h5 class=\"p3\"><span style=\"color: #7fbc4c\"><b>Des formations initiales (BTS) non adapt\u00e9es<\/b><\/span><b> <\/b><\/h5>\n<p class=\"p3\">\u00e0 la r\u00e9alit\u00e9 op\u00e9rationnelle des m\u00e9tiers.<\/p>\n<h5 class=\"p3\"><span style=\"color: #7fbc4c\"><b>Absence de solution<\/b><b> <\/b>en recrutement pour les employeurs<\/span><\/h5>\n<p class=\"p3\">qui ont pour unique solution la diffusion d\u2019offres souvent pendant plusieurs mois.<\/p>\n<h5 class=\"p3\"><span style=\"color: #7fbc4c\"><b>Volatilit\u00e9<\/b><b> <\/b>des profils jeunes<\/span><\/h5>\n<h5 class=\"p3\"><span style=\"color: #00ac96\"><b><br \/>\n<span style=\"color: #7fbc4c\">Turnover <\/span><\/b><span style=\"color: #7fbc4c\">naturel des collaborateurs<\/span><\/span><\/h5>\n<p class=\"p3\">Manque de vivier de comp\u00e9tences et d\u2019anticipation.<\/p>\n<p>&nbsp;<\/p>\n<p>&nbsp;<\/p>\n<hr \/>\n<p><img decoding=\"async\" class=\"alignnone wp-image-8296 aligncenter\" src=\"https:\/\/www.revue-fiduciaire.com\/blog\/wp-content\/uploads\/fleche.png\" alt=\"\" width=\"101\" height=\"119\" \/><\/p>\n<hr \/>\n<h3><\/h3>\n<h3 style=\"text-align: center\"><span style=\"color: #006e49\"><strong>QUELLE\u00a0 SOLUTION ?<\/strong><\/span><\/h3>\n<p>&nbsp;<\/p>\n<h2 class=\"p2\" style=\"text-align: center\">\u2014 RF ACAD\u00c9MIE \u2014<\/h2>\n<p>&nbsp;<\/p>\n<p>&nbsp;<\/p>\n<h4 class=\"p1\" style=\"text-align: left\"><span style=\"color: #000000\"><b>L&rsquo;ACAD\u00c9MIE SOFTEC &amp; LA REVUE FIDUCIAIRE<\/b><\/span><\/h4>\n<h5 class=\"p2\"><span style=\"color: #7fbc4c\"><b>1&gt; Un sourcing de demandeurs d\u2019emploi <\/b><\/span><\/h5>\n<p class=\"p2\">en reconversion professionnelle (maturit\u00e9 des profils, connaissance de l\u2019entreprise et dot\u00e9s de softs-skills).<\/p>\n<h5 class=\"p3\"><span style=\"color: #7fbc4c\"><b>2&gt;Une formation certifiante (Bac+2) <\/b><\/span><\/h5>\n<p class=\"p3\">construite en 3 phases :<\/p>\n<ol>\n<li class=\"p3\">2 mois de formation pour ma\u00eetriser les comp\u00e9tences n\u00e9cessaires \u00e0 la mission (paie ou comptabilit\u00e9).<\/li>\n<li class=\"p3\">1 mois de stage en entreprise, consid\u00e9r\u00e9 comme une p\u00e9riode d\u2019essai pour confirmer les comp\u00e9tences.<\/li>\n<li class=\"p2\">12 mois d\u2019alternance (3j\/mois en formation) pour s\u2019int\u00e9grer et se former aux proc\u00e9dures internes.<\/li>\n<\/ol>\n<h5 class=\"p5\"><span style=\"color: #7fbc4c\"><b>3&gt; Un renforcement de la politique RSE <\/b><\/span><\/h5>\n<p class=\"p5\">Recrutement de profils vari\u00e9s, d\u00e9veloppement de la marque employeur, r\u00e9ponse aux obligations d\u2019employabilit\u00e9<\/p>\n<p style=\"text-align: center\"><a href=\"mailto:formation@grouperf.com\"><img loading=\"lazy\" decoding=\"async\" class=\"alignnone size-medium wp-image-8345\" src=\"https:\/\/www.revue-fiduciaire.com\/blog\/wp-content\/uploads\/MEFORMER-1-300x109.png\" alt=\"\" width=\"300\" height=\"109\" srcset=\"https:\/\/www.revue-fiduciaire.com\/blog\/wp-content\/uploads\/MEFORMER-1-300x109.png 300w, https:\/\/www.revue-fiduciaire.com\/blog\/wp-content\/uploads\/MEFORMER-1.png 400w\" sizes=\"(max-width: 300px) 100vw, 300px\" \/><\/a><\/p>\n<hr \/>\n<h2><\/h2>\n<h2 class=\"p1\" style=\"text-align: center\"><strong><span style=\"color: #006e49\">QUELS SONT LES AVANTAGES POUR L\u2019EMPLOYEUR ?<\/span><\/strong><\/h2>\n<p><img loading=\"lazy\" decoding=\"async\" class=\" wp-image-8301 aligncenter\" src=\"https:\/\/www.revue-fiduciaire.com\/blog\/wp-content\/uploads\/avantages.jpg\" alt=\"\" width=\"1186\" height=\"463\" \/><\/p>\n<p>&nbsp;<\/p>\n<p>&nbsp;<\/p>\n<hr \/>\n<h2><\/h2>\n<h2 style=\"text-align: center\"><strong><span style=\"color: #006e49\">COMMENT LE FINANCER ?<\/span><\/strong><\/h2>\n<p>&nbsp;<\/p>\n<h3 class=\"p1\" style=\"text-align: left\"><span style=\"color: #000000\">ZOOM SUR LES DISPOSITIFS EMPLOI \/ FORMATION MOBILIS\u00c9S\u2000<\/span><\/h3>\n<h5><\/h5>\n<h5 class=\"p3\">LE FINANCEMENT :<\/h5>\n<h5 class=\"p4\"><span style=\"color: #7fbc4c\">Pr\u00e9paration Op\u00e9rationnelle \u00e0 l\u2019Emploi Individuelle<\/span><\/h5>\n<p class=\"p4\">P\u00f4le Emploi finance les deux premiers mois de formation et le mois de stage.<\/p>\n<h5 class=\"p4\"><span style=\"color: #7fbc4c\">Apprentissage<\/span><\/h5>\n<p class=\"p4\">la formation est financ\u00e9e par les OPCO et le co\u00fbt salarial est all\u00e9g\u00e9 par les aides publiques (8 000\u20ac par contrat sign\u00e9 avant juin).<\/p>\n<h3 class=\"p3\">COMMENT\u00a0 EN B\u00c9N\u00c9FICIER\u00a0 ?<\/h3>\n<h5 class=\"p4\"><span style=\"color: #7fbc4c\">Diffuser une offre d\u2019emploi, sur le site de P\u00f4le Emploi<\/span><\/h5>\n<p class=\"p4\">Un simple e-mail de soutien (sans engagement) indiquant le souhait de recruter en alternance une personne ayant suivi la formation r\u00e9alis\u00e9e par la Revue Fiduciaire et SOFTEC.<\/p>\n<h5 class=\"p4\"><span style=\"color: #7fbc4c\">Pas d\u2019engagement avant la signature du contrat d\u2019alternance<\/span><\/h5>\n<p>&nbsp;<\/p>\n<p>&nbsp;<\/p>\n<p>&nbsp;<\/p>\n<hr \/>\n<h2 style=\"text-align: center\">COMMENT NOUS CONTACTER ?<\/h2>\n<p style=\"text-align: center\"><strong>\u00a0 \u00a0 \u00a0<\/strong><\/p>\n<p style=\"text-align: center\"><a href=\"mailto:recrutement@grouperf.com\"><img decoding=\"async\" class=\"alignnone wp-image-8344 size-medium\" src=\"https:\/\/www.revue-fiduciaire.com\/blog\/wp-content\/uploads\/RECTURER-300x109.png\" alt=\"JE SOUHAITE RECRUTER\" width=\"300\" height=\"109\" srcset=\"https:\/\/www.revue-fiduciaire.com\/blog\/wp-content\/uploads\/RECTURER-300x109.png 300w, https:\/\/www.revue-fiduciaire.com\/blog\/wp-content\/uploads\/RECTURER.png 400w\" sizes=\"(max-width: 300px) 100vw, 300px\" \/><\/a><a href=\"mailto:recrutement@grouperf.com\">\u00a0<\/a><a href=\"http:\/\/MAILTO : RECRUTEMENT@GROUPERF.COM\"> \u00a0 \u00a0 \u00a0 \u00a0 \u00a0 <\/a><a href=\"mailto:formation@grouperf.com\"><img loading=\"lazy\" decoding=\"async\" class=\"alignnone size-medium wp-image-8345\" src=\"https:\/\/www.revue-fiduciaire.com\/blog\/wp-content\/uploads\/MEFORMER-1-300x109.png\" alt=\"\" width=\"300\" height=\"109\" srcset=\"https:\/\/www.revue-fiduciaire.com\/blog\/wp-content\/uploads\/MEFORMER-1-300x109.png 300w, https:\/\/www.revue-fiduciaire.com\/blog\/wp-content\/uploads\/MEFORMER-1.png 400w\" sizes=\"(max-width: 300px) 100vw, 300px\" \/><\/a><\/p>\n<hr \/>\n<h2><\/h2>\n<h2 class=\"p1\" style=\"text-align: center\"><strong><span style=\"color: #006e49\"> ILS NOUS FONT CONFIANCE\u00a0<\/span><\/strong><\/h2>\n<p>&nbsp;<\/p>\n<p style=\"text-align: center\">\u00a0\u00a0 \u00a0\u00a0 <img loading=\"lazy\" decoding=\"async\" class=\"alignnone size-full wp-image-8310\" src=\"https:\/\/www.revue-fiduciaire.com\/blog\/wp-content\/uploads\/partners.jpg\" alt=\"\" width=\"1024\" height=\"502\" srcset=\"https:\/\/www.revue-fiduciaire.com\/blog\/wp-content\/uploads\/partners.jpg 1024w, https:\/\/www.revue-fiduciaire.com\/blog\/wp-content\/uploads\/partners-300x147.jpg 300w, https:\/\/www.revue-fiduciaire.com\/blog\/wp-content\/uploads\/partners-768x377.jpg 768w\" sizes=\"(max-width: 1024px) 100vw, 1024px\" \/><\/p>\n","protected":false},"excerpt":{"rendered":"<p>\u2014 RF\u00a0 SOURCING \u2014 LA SOLUTION GRATUITE DE RECRUTEMENT POUR LES ENTREPRISES ET LES CABINETS D&rsquo;EXPERTISE COMPTABLE &nbsp; &nbsp; La Revue Fiduciaire vous accompagne dans le recrutement et la formation de votre Comptable ou de votre Gestionnaire de paye. Alert\u00e9 par les difficult\u00e9s de ses clients \u00e0 recruter de nouveaux collaborateurs la Revue Fiduciaire a &hellip;<\/p>\n<p class=\"read-more\"> <a class=\"\" href=\"https:\/\/www.revue-fiduciaire.com\/blog\/rf-sourcing-academie\/\"> <span class=\"screen-reader-text\">RF Sourcing &amp; Acad\u00e9mie<\/span> Lire la suite\u00a0\u00bb<\/a><\/p>\n","protected":false},"author":7,"featured_media":0,"parent":0,"menu_order":0,"comment_status":"closed","ping_status":"closed","template":"","meta":{"_acf_changed":false,"site-sidebar-layout":"no-sidebar","site-content-layout":"default","ast-main-header-display":"disabled","ast-hfb-above-header-display":"","ast-hfb-below-header-display":"","ast-hfb-mobile-header-display":"","site-post-title":"","ast-breadcrumbs-content":"","ast-featured-img":"","footer-sml-layout":"","theme-transparent-header-meta":"disabled","adv-header-id-meta":"","stick-header-meta":"","header-above-stick-meta":"","header-main-stick-meta":"","header-below-stick-meta":"","footnotes":""},"class_list":["post-8335","page","type-page","status-publish","hentry"],"acf":[],"yoast_head":"<!-- This site is optimized with the Yoast SEO plugin v27.6 - https:\/\/yoast.com\/product\/yoast-seo-wordpress\/ -->\n<title>RF Sourcing &amp; Acad\u00e9mie - RF Blog<\/title>\n<meta name=\"robots\" content=\"noindex, follow\" \/>\n<meta property=\"og:locale\" content=\"fr_FR\" \/>\n<meta property=\"og:type\" content=\"article\" \/>\n<meta property=\"og:title\" content=\"RF Sourcing &amp; Acad\u00e9mie - RF Blog\" \/>\n<meta property=\"og:description\" content=\"\u2014 RF\u00a0 SOURCING \u2014 LA SOLUTION GRATUITE DE RECRUTEMENT POUR LES ENTREPRISES ET LES CABINETS D&rsquo;EXPERTISE COMPTABLE &nbsp; &nbsp; La Revue Fiduciaire vous accompagne dans le recrutement et la formation de votre Comptable ou de votre Gestionnaire de paye. Alert\u00e9 par les difficult\u00e9s de ses clients \u00e0 recruter de nouveaux collaborateurs la Revue Fiduciaire a &hellip; RF Sourcing &amp; Acad\u00e9mie Lire la suite\u00a0\u00bb\" \/>\n<meta property=\"og:url\" content=\"https:\/\/www.revue-fiduciaire.com\/blog\/rf-sourcing-academie\/\" \/>\n<meta property=\"og:site_name\" content=\"RF Blog\" \/>\n<meta property=\"article:modified_time\" content=\"2022-03-08T09:19:54+00:00\" \/>\n<meta property=\"og:image\" content=\"https:\/\/www.revue-fiduciaire.com\/blog\/wp-content\/uploads\/Comptableetpaye-1.jpg\" \/>\n<meta name=\"twitter:card\" content=\"summary_large_image\" \/>\n<meta name=\"twitter:label1\" content=\"Dur\u00e9e de lecture estim\u00e9e\" \/>\n\t<meta name=\"twitter:data1\" content=\"3 minutes\" \/>\n<script type=\"application\/ld+json\" class=\"yoast-schema-graph\">{\"@context\":\"https:\\\/\\\/schema.org\",\"@graph\":[{\"@type\":\"WebPage\",\"@id\":\"https:\\\/\\\/www.revue-fiduciaire.com\\\/blog\\\/rf-sourcing-academie\\\/\",\"url\":\"https:\\\/\\\/www.revue-fiduciaire.com\\\/blog\\\/rf-sourcing-academie\\\/\",\"name\":\"RF Sourcing &amp; Acad\u00e9mie - RF Blog\",\"isPartOf\":{\"@id\":\"https:\\\/\\\/www.revue-fiduciaire.com\\\/blog\\\/#website\"},\"primaryImageOfPage\":{\"@id\":\"https:\\\/\\\/www.revue-fiduciaire.com\\\/blog\\\/rf-sourcing-academie\\\/#primaryimage\"},\"image\":{\"@id\":\"https:\\\/\\\/www.revue-fiduciaire.com\\\/blog\\\/rf-sourcing-academie\\\/#primaryimage\"},\"thumbnailUrl\":\"https:\\\/\\\/www.revue-fiduciaire.com\\\/blog\\\/wp-content\\\/uploads\\\/Comptableetpaye-1.jpg\",\"datePublished\":\"2022-03-04T11:20:55+00:00\",\"dateModified\":\"2022-03-08T09:19:54+00:00\",\"breadcrumb\":{\"@id\":\"https:\\\/\\\/www.revue-fiduciaire.com\\\/blog\\\/rf-sourcing-academie\\\/#breadcrumb\"},\"inLanguage\":\"fr-FR\",\"potentialAction\":[{\"@type\":\"ReadAction\",\"target\":[\"https:\\\/\\\/www.revue-fiduciaire.com\\\/blog\\\/rf-sourcing-academie\\\/\"]}]},{\"@type\":\"ImageObject\",\"inLanguage\":\"fr-FR\",\"@id\":\"https:\\\/\\\/www.revue-fiduciaire.com\\\/blog\\\/rf-sourcing-academie\\\/#primaryimage\",\"url\":\"https:\\\/\\\/www.revue-fiduciaire.com\\\/blog\\\/wp-content\\\/uploads\\\/Comptableetpaye-1.jpg\",\"contentUrl\":\"https:\\\/\\\/www.revue-fiduciaire.com\\\/blog\\\/wp-content\\\/uploads\\\/Comptableetpaye-1.jpg\",\"width\":800,\"height\":320},{\"@type\":\"BreadcrumbList\",\"@id\":\"https:\\\/\\\/www.revue-fiduciaire.com\\\/blog\\\/rf-sourcing-academie\\\/#breadcrumb\",\"itemListElement\":[{\"@type\":\"ListItem\",\"position\":1,\"name\":\"Accueil\",\"item\":\"https:\\\/\\\/www.revue-fiduciaire.com\\\/blog\\\/\"},{\"@type\":\"ListItem\",\"position\":2,\"name\":\"RF Sourcing &amp; Acad\u00e9mie\"}]},{\"@type\":\"WebSite\",\"@id\":\"https:\\\/\\\/www.revue-fiduciaire.com\\\/blog\\\/#website\",\"url\":\"https:\\\/\\\/www.revue-fiduciaire.com\\\/blog\\\/\",\"name\":\"RF Blog\",\"description\":\"Le blog de la Revue Fiduciaire\",\"publisher\":{\"@id\":\"https:\\\/\\\/www.revue-fiduciaire.com\\\/blog\\\/#organization\"},\"potentialAction\":[{\"@type\":\"SearchAction\",\"target\":{\"@type\":\"EntryPoint\",\"urlTemplate\":\"https:\\\/\\\/www.revue-fiduciaire.com\\\/blog\\\/?s={search_term_string}\"},\"query-input\":{\"@type\":\"PropertyValueSpecification\",\"valueRequired\":true,\"valueName\":\"search_term_string\"}}],\"inLanguage\":\"fr-FR\"},{\"@type\":\"Organization\",\"@id\":\"https:\\\/\\\/www.revue-fiduciaire.com\\\/blog\\\/#organization\",\"name\":\"Revue Fiduciaire\",\"url\":\"https:\\\/\\\/www.revue-fiduciaire.com\\\/blog\\\/\",\"logo\":{\"@type\":\"ImageObject\",\"inLanguage\":\"fr-FR\",\"@id\":\"https:\\\/\\\/www.revue-fiduciaire.com\\\/blog\\\/#\\\/schema\\\/logo\\\/image\\\/\",\"url\":\"https:\\\/\\\/www.revue-fiduciaire.com\\\/blog\\\/wp-content\\\/uploads\\\/2020\\\/08\\\/favicon-196.png\",\"contentUrl\":\"https:\\\/\\\/www.revue-fiduciaire.com\\\/blog\\\/wp-content\\\/uploads\\\/2020\\\/08\\\/favicon-196.png\",\"width\":196,\"height\":196,\"caption\":\"Revue Fiduciaire\"},\"image\":{\"@id\":\"https:\\\/\\\/www.revue-fiduciaire.com\\\/blog\\\/#\\\/schema\\\/logo\\\/image\\\/\"}}]}<\/script>\n<!-- \/ Yoast SEO plugin. -->","yoast_head_json":{"title":"RF Sourcing &amp; Acad\u00e9mie - RF Blog","robots":{"index":"noindex","follow":"follow"},"og_locale":"fr_FR","og_type":"article","og_title":"RF Sourcing &amp; Acad\u00e9mie - RF Blog","og_description":"\u2014 RF\u00a0 SOURCING \u2014 LA SOLUTION GRATUITE DE RECRUTEMENT POUR LES ENTREPRISES ET LES CABINETS D&rsquo;EXPERTISE COMPTABLE &nbsp; &nbsp; La Revue Fiduciaire vous accompagne dans le recrutement et la formation de votre Comptable ou de votre Gestionnaire de paye. Alert\u00e9 par les difficult\u00e9s de ses clients \u00e0 recruter de nouveaux collaborateurs la Revue Fiduciaire a &hellip; RF Sourcing &amp; Acad\u00e9mie Lire la suite\u00a0\u00bb","og_url":"https:\/\/www.revue-fiduciaire.com\/blog\/rf-sourcing-academie\/","og_site_name":"RF Blog","article_modified_time":"2022-03-08T09:19:54+00:00","og_image":[{"url":"https:\/\/www.revue-fiduciaire.com\/blog\/wp-content\/uploads\/Comptableetpaye-1.jpg","type":"","width":"","height":""}],"twitter_card":"summary_large_image","twitter_misc":{"Dur\u00e9e de lecture estim\u00e9e":"3 minutes"},"schema":{"@context":"https:\/\/schema.org","@graph":[{"@type":"WebPage","@id":"https:\/\/www.revue-fiduciaire.com\/blog\/rf-sourcing-academie\/","url":"https:\/\/www.revue-fiduciaire.com\/blog\/rf-sourcing-academie\/","name":"RF Sourcing &amp; Acad\u00e9mie - RF Blog","isPartOf":{"@id":"https:\/\/www.revue-fiduciaire.com\/blog\/#website"},"primaryImageOfPage":{"@id":"https:\/\/www.revue-fiduciaire.com\/blog\/rf-sourcing-academie\/#primaryimage"},"image":{"@id":"https:\/\/www.revue-fiduciaire.com\/blog\/rf-sourcing-academie\/#primaryimage"},"thumbnailUrl":"https:\/\/www.revue-fiduciaire.com\/blog\/wp-content\/uploads\/Comptableetpaye-1.jpg","datePublished":"2022-03-04T11:20:55+00:00","dateModified":"2022-03-08T09:19:54+00:00","breadcrumb":{"@id":"https:\/\/www.revue-fiduciaire.com\/blog\/rf-sourcing-academie\/#breadcrumb"},"inLanguage":"fr-FR","potentialAction":[{"@type":"ReadAction","target":["https:\/\/www.revue-fiduciaire.com\/blog\/rf-sourcing-academie\/"]}]},{"@type":"ImageObject","inLanguage":"fr-FR","@id":"https:\/\/www.revue-fiduciaire.com\/blog\/rf-sourcing-academie\/#primaryimage","url":"https:\/\/www.revue-fiduciaire.com\/blog\/wp-content\/uploads\/Comptableetpaye-1.jpg","contentUrl":"https:\/\/www.revue-fiduciaire.com\/blog\/wp-content\/uploads\/Comptableetpaye-1.jpg","width":800,"height":320},{"@type":"BreadcrumbList","@id":"https:\/\/www.revue-fiduciaire.com\/blog\/rf-sourcing-academie\/#breadcrumb","itemListElement":[{"@type":"ListItem","position":1,"name":"Accueil","item":"https:\/\/www.revue-fiduciaire.com\/blog\/"},{"@type":"ListItem","position":2,"name":"RF Sourcing &amp; Acad\u00e9mie"}]},{"@type":"WebSite","@id":"https:\/\/www.revue-fiduciaire.com\/blog\/#website","url":"https:\/\/www.revue-fiduciaire.com\/blog\/","name":"RF Blog","description":"Le blog de la Revue Fiduciaire","publisher":{"@id":"https:\/\/www.revue-fiduciaire.com\/blog\/#organization"},"potentialAction":[{"@type":"SearchAction","target":{"@type":"EntryPoint","urlTemplate":"https:\/\/www.revue-fiduciaire.com\/blog\/?s={search_term_string}"},"query-input":{"@type":"PropertyValueSpecification","valueRequired":true,"valueName":"search_term_string"}}],"inLanguage":"fr-FR"},{"@type":"Organization","@id":"https:\/\/www.revue-fiduciaire.com\/blog\/#organization","name":"Revue Fiduciaire","url":"https:\/\/www.revue-fiduciaire.com\/blog\/","logo":{"@type":"ImageObject","inLanguage":"fr-FR","@id":"https:\/\/www.revue-fiduciaire.com\/blog\/#\/schema\/logo\/image\/","url":"https:\/\/www.revue-fiduciaire.com\/blog\/wp-content\/uploads\/2020\/08\/favicon-196.png","contentUrl":"https:\/\/www.revue-fiduciaire.com\/blog\/wp-content\/uploads\/2020\/08\/favicon-196.png","width":196,"height":196,"caption":"Revue Fiduciaire"},"image":{"@id":"https:\/\/www.revue-fiduciaire.com\/blog\/#\/schema\/logo\/image\/"}}]}},"_links":{"self":[{"href":"https:\/\/www.revue-fiduciaire.com\/blog\/wp-json\/wp\/v2\/pages\/8335","targetHints":{"allow":["GET"]}}],"collection":[{"href":"https:\/\/www.revue-fiduciaire.com\/blog\/wp-json\/wp\/v2\/pages"}],"about":[{"href":"https:\/\/www.revue-fiduciaire.com\/blog\/wp-json\/wp\/v2\/types\/page"}],"author":[{"embeddable":true,"href":"https:\/\/www.revue-fiduciaire.com\/blog\/wp-json\/wp\/v2\/users\/7"}],"replies":[{"embeddable":true,"href":"https:\/\/www.revue-fiduciaire.com\/blog\/wp-json\/wp\/v2\/comments?post=8335"}],"version-history":[{"count":6,"href":"https:\/\/www.revue-fiduciaire.com\/blog\/wp-json\/wp\/v2\/pages\/8335\/revisions"}],"predecessor-version":[{"id":8338,"href":"https:\/\/www.revue-fiduciaire.com\/blog\/wp-json\/wp\/v2\/pages\/8335\/revisions\/8338"}],"wp:attachment":[{"href":"https:\/\/www.revue-fiduciaire.com\/blog\/wp-json\/wp\/v2\/media?parent=8335"}],"curies":[{"name":"wp","href":"https:\/\/api.w.org\/{rel}","templated":true}]}}